{"id":88,"date":"2022-02-25T10:16:58","date_gmt":"2022-02-25T10:16:58","guid":{"rendered":"http:\/\/accommodatiepoelenburgh.nl\/?page_id=88"},"modified":"2024-01-04T11:46:10","modified_gmt":"2024-01-04T11:46:10","slug":"op-vakantie-met-je-paard","status":"publish","type":"page","link":"https:\/\/accommodatiepoelenburgh.nl\/en\/op-vakantie-met-je-paard\/","title":{"rendered":"On holiday with your horse"},"content":{"rendered":"<div data-elementor-type=\"wp-page\" data-elementor-id=\"88\" class=\"elementor elementor-88\" data-elementor-post-type=\"page\">\n\t\t\t\t\t\t<section class=\"elementor-section elementor-top-section elementor-element elementor-element-dfbfa4a elementor-section-boxed elementor-section-height-default elementor-section-height-default\" data-id=\"dfbfa4a\" data-element_type=\"section\" data-e-type=\"section\">\n\t\t\t\t\t\t<div class=\"elementor-container elementor-column-gap-default\">\n\t\t\t\t\t<div class=\"elementor-column elementor-col-50 elementor-top-column elementor-element elementor-element-0a86930\" data-id=\"0a86930\" data-element_type=\"column\" data-e-type=\"column\">\n\t\t\t<div class=\"elementor-widget-wrap elementor-element-populated\">\n\t\t\t\t\t\t<div class=\"elementor-element elementor-element-75f8ab8 elementor-widget elementor-widget-image\" data-id=\"75f8ab8\" data-element_type=\"widget\" data-e-type=\"widget\" data-widget_type=\"image.default\">\n\t\t\t\t<div class=\"elementor-widget-container\">\n\t\t\t\t\t\t\t\t\t\t\t\t\t\t\t<img fetchpriority=\"high\" decoding=\"async\" width=\"1000\" height=\"666\" src=\"https:\/\/accommodatiepoelenburgh.nl\/wp-content\/uploads\/sites\/2\/2022\/02\/Poelenburgh_175_2.jpg\" class=\"attachment-large size-large wp-image-189\" alt=\"\" srcset=\"https:\/\/accommodatiepoelenburgh.nl\/wp-content\/uploads\/sites\/2\/2022\/02\/Poelenburgh_175_2.jpg 1000w, https:\/\/accommodatiepoelenburgh.nl\/wp-content\/uploads\/sites\/2\/2022\/02\/Poelenburgh_175_2-300x200.jpg 300w, https:\/\/accommodatiepoelenburgh.nl\/wp-content\/uploads\/sites\/2\/2022\/02\/Poelenburgh_175_2-768x511.jpg 768w, https:\/\/accommodatiepoelenburgh.nl\/wp-content\/uploads\/sites\/2\/2022\/02\/Poelenburgh_175_2-600x400.jpg 600w\" sizes=\"(max-width: 1000px) 100vw, 1000px\" \/>\t\t\t\t\t\t\t\t\t\t\t\t\t\t\t<\/div>\n\t\t\t\t<\/div>\n\t\t\t\t\t<\/div>\n\t\t<\/div>\n\t\t\t\t<div class=\"elementor-column elementor-col-50 elementor-top-column elementor-element elementor-element-4d02713\" data-id=\"4d02713\" data-element_type=\"column\" data-e-type=\"column\">\n\t\t\t<div class=\"elementor-widget-wrap elementor-element-populated\">\n\t\t\t\t\t\t<div class=\"elementor-element elementor-element-ee152de elementor-widget elementor-widget-text-editor\" data-id=\"ee152de\" data-element_type=\"widget\" data-e-type=\"widget\" data-widget_type=\"text-editor.default\">\n\t\t\t\t<div class=\"elementor-widget-container\">\n\t\t\t\t\t\t\t\t\t<p>On holiday with your horse in the most beautiful surroundings of North Holland!<\/p><p><a href=\"https:\/\/poelenburgh.nl\/\">Poelenburgh dune riding school<\/a>\u00a0is located in Schoorl, on the beautiful North Holland forest and dune area and has access to two covered lanes, two outdoor lanes: one dressage track and one jumping track, a lunge corral, various paddocks and a horse walker. The riding school is in possession of the safety certificate, issued by the Stichting Veilige Paardensport. A recognition that indicates that we attach great importance to quality and safety.<\/p>\t\t\t\t\t\t\t\t<\/div>\n\t\t\t\t<\/div>\n\t\t\t\t\t<\/div>\n\t\t<\/div>\n\t\t\t\t\t<\/div>\n\t\t<\/section>\n\t\t\t\t<section class=\"elementor-section elementor-top-section elementor-element elementor-element-b2b1f1e elementor-section-boxed elementor-section-height-default elementor-section-height-default\" data-id=\"b2b1f1e\" data-element_type=\"section\" data-e-type=\"section\">\n\t\t\t\t\t\t<div class=\"elementor-container elementor-column-gap-default\">\n\t\t\t\t\t<div class=\"elementor-column elementor-col-100 elementor-top-column elementor-element elementor-element-9b32d6c\" data-id=\"9b32d6c\" data-element_type=\"column\" data-e-type=\"column\">\n\t\t\t<div class=\"elementor-widget-wrap elementor-element-populated\">\n\t\t\t\t\t\t<div class=\"elementor-element elementor-element-bfc6525 elementor-widget elementor-widget-text-editor\" data-id=\"bfc6525\" data-element_type=\"widget\" data-e-type=\"widget\" data-widget_type=\"text-editor.default\">\n\t\t\t\t<div class=\"elementor-widget-container\">\n\t\t\t\t\t\t\t\t\t<p>In combination with one of our stays (our stables can also be booked without accommodation) you can also book a stay for your horse. Enjoy a ride to the forest, dunes or beach and return to the property where your accommodation and that of your horse is located. Of course you can also use our facilities. A night for your horse costs 40 euros including mucking out, hay and feed. For multiple nights you pay 35 euros per night.&nbsp;<\/p>\t\t\t\t\t\t\t\t<\/div>\n\t\t\t\t<\/div>\n\t\t\t\t\t<\/div>\n\t\t<\/div>\n\t\t\t\t\t<\/div>\n\t\t<\/section>\n\t\t\t\t<section class=\"elementor-section elementor-top-section elementor-element elementor-element-818290b elementor-section-boxed elementor-section-height-default elementor-section-height-default\" data-id=\"818290b\" data-element_type=\"section\" data-e-type=\"section\">\n\t\t\t\t\t\t<div class=\"elementor-container elementor-column-gap-default\">\n\t\t\t\t\t<div class=\"elementor-column elementor-col-100 elementor-top-column elementor-element elementor-element-ca882de\" data-id=\"ca882de\" data-element_type=\"column\" data-e-type=\"column\">\n\t\t\t<div class=\"elementor-widget-wrap elementor-element-populated\">\n\t\t\t\t\t\t<div class=\"elementor-element elementor-element-1fb7a81 stratum-masonry-gallery-effect-zoom stratum-masonry-gallery-effect-grayscale elementor-widget elementor-widget-stratum-masonry-gallery\" data-id=\"1fb7a81\" data-element_type=\"widget\" data-e-type=\"widget\" data-widget_type=\"stratum-masonry-gallery.default\">\n\t\t\t\t<div class=\"elementor-widget-container\">\n\t\t\t\t\t<div class=\"stratum-masonry-gallery masonry-grid effect-2\" data-options=\"{&quot;columns&quot;:&quot;4&quot;,&quot;gutter&quot;:2,&quot;animate&quot;:false}\">\n\n\t<div class=\"grid-sizer masonry-col-4\"><\/div>\n\t\t\t<div class=\"stratum-masonry-gallery__item masonry-item\">\n\t\t\t\t\t\t\t<a data-elementor-open-lightbox=\"default\" data-elementor-lightbox-slideshow=\"gallery-69e647d823425\" href=\"https:\/\/accommodatiepoelenburgh.nl\/wp-content\/uploads\/sites\/2\/2022\/02\/Poelenburgh_194.jpg\" class=\"stratum-masonry-gallery__link\">\n\t\t\t                <div class=\"stratum-masonry-gallery__image\">\n                \t<figure>\n                   \t\t<img decoding=\"async\" width=\"1000\" height=\"677\" class=\"wp-image-233\" alt=\"\" src=\"https:\/\/accommodatiepoelenburgh.nl\/wp-content\/uploads\/sites\/2\/2022\/02\/Poelenburgh_194.jpg\" srcset=\"https:\/\/accommodatiepoelenburgh.nl\/wp-content\/uploads\/sites\/2\/2022\/02\/Poelenburgh_194.jpg 1000w, https:\/\/accommodatiepoelenburgh.nl\/wp-content\/uploads\/sites\/2\/2022\/02\/Poelenburgh_194-300x203.jpg 300w, https:\/\/accommodatiepoelenburgh.nl\/wp-content\/uploads\/sites\/2\/2022\/02\/Poelenburgh_194-768x520.jpg 768w, https:\/\/accommodatiepoelenburgh.nl\/wp-content\/uploads\/sites\/2\/2022\/02\/Poelenburgh_194-600x406.jpg 600w\">                \t<\/figure>\n                <\/div>\n                <div class=\"stratum-masonry-gallery__overlay\"><\/div>\n            <\/a>\n        <\/div>\n\t\t\t<div class=\"stratum-masonry-gallery__item masonry-item\">\n\t\t\t\t\t\t\t<a data-elementor-open-lightbox=\"default\" data-elementor-lightbox-slideshow=\"gallery-69e647d823425\" href=\"https:\/\/accommodatiepoelenburgh.nl\/wp-content\/uploads\/sites\/2\/2022\/02\/Poelenburgh_193.jpg\" class=\"stratum-masonry-gallery__link\">\n\t\t\t                <div class=\"stratum-masonry-gallery__image\">\n                \t<figure>\n                   \t\t<img decoding=\"async\" width=\"1000\" height=\"666\" class=\"wp-image-234\" alt=\"\" src=\"https:\/\/accommodatiepoelenburgh.nl\/wp-content\/uploads\/sites\/2\/2022\/02\/Poelenburgh_193.jpg\" srcset=\"https:\/\/accommodatiepoelenburgh.nl\/wp-content\/uploads\/sites\/2\/2022\/02\/Poelenburgh_193.jpg 1000w, https:\/\/accommodatiepoelenburgh.nl\/wp-content\/uploads\/sites\/2\/2022\/02\/Poelenburgh_193-300x200.jpg 300w, https:\/\/accommodatiepoelenburgh.nl\/wp-content\/uploads\/sites\/2\/2022\/02\/Poelenburgh_193-768x511.jpg 768w, https:\/\/accommodatiepoelenburgh.nl\/wp-content\/uploads\/sites\/2\/2022\/02\/Poelenburgh_193-600x400.jpg 600w\">                \t<\/figure>\n                <\/div>\n                <div class=\"stratum-masonry-gallery__overlay\"><\/div>\n            <\/a>\n        <\/div>\n\t\t\t<div class=\"stratum-masonry-gallery__item masonry-item\">\n\t\t\t\t\t\t\t<a data-elementor-open-lightbox=\"default\" data-elementor-lightbox-slideshow=\"gallery-69e647d823425\" href=\"https:\/\/accommodatiepoelenburgh.nl\/wp-content\/uploads\/sites\/2\/2022\/02\/strand_3.jpg\" class=\"stratum-masonry-gallery__link\">\n\t\t\t                <div class=\"stratum-masonry-gallery__image\">\n                \t<figure>\n                   \t\t<img loading=\"lazy\" decoding=\"async\" width=\"1000\" height=\"666\" class=\"wp-image-236\" alt=\"\" src=\"https:\/\/accommodatiepoelenburgh.nl\/wp-content\/uploads\/sites\/2\/2022\/02\/strand_3.jpg\" srcset=\"https:\/\/accommodatiepoelenburgh.nl\/wp-content\/uploads\/sites\/2\/2022\/02\/strand_3.jpg 1000w, https:\/\/accommodatiepoelenburgh.nl\/wp-content\/uploads\/sites\/2\/2022\/02\/strand_3-300x200.jpg 300w, https:\/\/accommodatiepoelenburgh.nl\/wp-content\/uploads\/sites\/2\/2022\/02\/strand_3-768x511.jpg 768w, https:\/\/accommodatiepoelenburgh.nl\/wp-content\/uploads\/sites\/2\/2022\/02\/strand_3-600x400.jpg 600w\">                \t<\/figure>\n                <\/div>\n                <div class=\"stratum-masonry-gallery__overlay\"><\/div>\n            <\/a>\n        <\/div>\n\t\t\t<div class=\"stratum-masonry-gallery__item masonry-item\">\n\t\t\t\t\t\t\t<a data-elementor-open-lightbox=\"default\" data-elementor-lightbox-slideshow=\"gallery-69e647d823425\" href=\"https:\/\/accommodatiepoelenburgh.nl\/wp-content\/uploads\/sites\/2\/2022\/02\/paard_hooglander_2.jpg\" class=\"stratum-masonry-gallery__link\">\n\t\t\t                <div class=\"stratum-masonry-gallery__image\">\n                \t<figure>\n                   \t\t<img loading=\"lazy\" decoding=\"async\" width=\"599\" height=\"528\" class=\"wp-image-237\" alt=\"\" src=\"https:\/\/accommodatiepoelenburgh.nl\/wp-content\/uploads\/sites\/2\/2022\/02\/paard_hooglander_2.jpg\" srcset=\"https:\/\/accommodatiepoelenburgh.nl\/wp-content\/uploads\/sites\/2\/2022\/02\/paard_hooglander_2.jpg 599w, https:\/\/accommodatiepoelenburgh.nl\/wp-content\/uploads\/sites\/2\/2022\/02\/paard_hooglander_2-300x264.jpg 300w\">                \t<\/figure>\n                <\/div>\n                <div class=\"stratum-masonry-gallery__overlay\"><\/div>\n            <\/a>\n        <\/div>\n\t<\/div>\n\t\t\t\t<\/div>\n\t\t\t\t<\/div>\n\t\t\t\t\t<\/div>\n\t\t<\/div>\n\t\t\t\t\t<\/div>\n\t\t<\/section>\n\t\t\t\t<\/div>","protected":false},"excerpt":{"rendered":"<p>\/*! elementor &#8211; v3.18.0 &#8211; 20-12-2023 *\/ .elementor-widget-image{text-align:center}.elementor-widget-image a{display:inline-block}.elementor-widget-image a img[src$=&#8221;.svg&#8221;]{width:48px}.elementor-widget-image img{vertical-align:middle;display:inline-block} Op vakantie met je paard in de meest mooie omgeveing van Noord-Holland! Duinmanege van Poelenburgh\u00a0ligt in Schoorl, aan het prachtige Noord-Hollandse bos- en duingebied en heeft o.a. de beschikking over twee overdekte rijbanen, twee buitenrijbanen: \u00e9\u00e9n dressuurbaan en \u00e9\u00e9n springbaan, een longeerkraal, diverse &hellip; <\/p>\n","protected":false},"author":1,"featured_media":0,"parent":0,"menu_order":0,"comment_status":"closed","ping_status":"closed","template":"","meta":{"footnotes":""},"class_list":["post-88","page","type-page","status-publish","hentry"],"jetpack_sharing_enabled":true,"_links":{"self":[{"href":"https:\/\/accommodatiepoelenburgh.nl\/en\/wp-json\/wp\/v2\/pages\/88","targetHints":{"allow":["GET"]}}],"collection":[{"href":"https:\/\/accommodatiepoelenburgh.nl\/en\/wp-json\/wp\/v2\/pages"}],"about":[{"href":"https:\/\/accommodatiepoelenburgh.nl\/en\/wp-json\/wp\/v2\/types\/page"}],"author":[{"embeddable":true,"href":"https:\/\/accommodatiepoelenburgh.nl\/en\/wp-json\/wp\/v2\/users\/1"}],"replies":[{"embeddable":true,"href":"https:\/\/accommodatiepoelenburgh.nl\/en\/wp-json\/wp\/v2\/comments?post=88"}],"version-history":[{"count":10,"href":"https:\/\/accommodatiepoelenburgh.nl\/en\/wp-json\/wp\/v2\/pages\/88\/revisions"}],"predecessor-version":[{"id":648,"href":"https:\/\/accommodatiepoelenburgh.nl\/en\/wp-json\/wp\/v2\/pages\/88\/revisions\/648"}],"wp:attachment":[{"href":"https:\/\/accommodatiepoelenburgh.nl\/en\/wp-json\/wp\/v2\/media?parent=88"}],"curies":[{"name":"wp","href":"https:\/\/api.w.org\/{rel}","templated":true}]}}